{"id":398,"date":"2026-02-17T19:37:51","date_gmt":"2026-02-18T00:37:51","guid":{"rendered":"https:\/\/back2land.ca\/nbclt\/?page_id=398"},"modified":"2026-03-15T13:01:53","modified_gmt":"2026-03-15T17:01:53","slug":"volunteer-with-us","status":"publish","type":"page","link":"https:\/\/back2land.ca\/nbclt\/volunteer-with-us\/","title":{"rendered":"Join the Stewardship Circle"},"content":{"rendered":"\n<figure class=\"wp-block-image size-large\"><img loading=\"lazy\" decoding=\"async\" width=\"1024\" height=\"576\" src=\"https:\/\/back2land.ca\/nbclt\/wp-content\/uploads\/2023\/06\/hero1-1024x576.jpg\" alt=\"Embroidered image of people working in the garden\" class=\"wp-image-63\" srcset=\"https:\/\/back2land.ca\/nbclt\/wp-content\/uploads\/2023\/06\/hero1-1024x576.jpg 1024w, https:\/\/back2land.ca\/nbclt\/wp-content\/uploads\/2023\/06\/hero1-300x169.jpg 300w, https:\/\/back2land.ca\/nbclt\/wp-content\/uploads\/2023\/06\/hero1-768x432.jpg 768w, https:\/\/back2land.ca\/nbclt\/wp-content\/uploads\/2023\/06\/hero1.jpg 1365w\" sizes=\"auto, (max-width: 1024px) 100vw, 1024px\" \/><\/figure>\n\n\n\n<h1 class=\"wp-block-heading\">Join the Stewardship Circle<\/h1>\n\n\n\n<div style=\"height:35px\" aria-hidden=\"true\" class=\"wp-block-spacer\"><\/div>\n\n\n\n<h4 class=\"wp-block-heading\">Volunteer with the New Brunswick Community Land Trust<\/h4>\n\n\n\n<div style=\"height:40px\" aria-hidden=\"true\" class=\"wp-block-spacer\"><\/div>\n\n\n\n<p><strong>The Governance Team<\/strong><\/p>\n\n\n\n<ul class=\"wp-block-list\">\n<li><strong>Board of Directors:<\/strong>&nbsp;We are looking for strategic thinkers to guide the FFCNB. Whether your background is in law, agriculture, or community organizing, help us steer the trust into its next 30 years.<\/li>\n\n\n\n<li><strong>Francophone Community Liaisons:<\/strong>&nbsp;Il est essentiel que la FFCNB refl\u00e8te le bilinguisme de notre province. Nous cherchons des voix acadiennes et francophones pour assurer que notre &#8216;patchwork&#8217; de jardins s&#8217;\u00e9tende \u00e0 toutes les communaut\u00e9s du Nouveau-Brunswick.<\/li>\n\n\n\n<li><strong>Fundraising Strategist:<\/strong>&nbsp;We have the vision; help us find the seeds. We need a creative fundraiser to help us secure grants and individual donations to move more land into community trust.<\/li>\n<\/ul>\n\n\n\n<p><strong>The Wisdom &amp; Grounding<\/strong><\/p>\n\n\n\n<ul class=\"wp-block-list\">\n<li><strong>Community Elders \/ Mentors:<\/strong>&nbsp;Experience is our greatest fertilizer. We invite elders with a history in farming, forestry, or community building to serve as advisors, ensuring our &#8216;modern pivot&#8217; remains rooted in local wisdom.<\/li>\n\n\n\n<li><strong>Soil &amp; Land Evaluators:<\/strong>&nbsp;Folks who can walk a piece of land and help us understand its health and potential for micro-farming.<\/li>\n\n\n\n<li><strong>Storytellers\/Photographers:<\/strong>&nbsp;Help us document the growth of our garden communities. We need people to capture the &#8216;before and after&#8217; of the lands we protect.<\/li>\n\n\n\n<li><strong>Legacy Ambassadors:<\/strong>&nbsp;People who are comfortable talking to older landowners about the benefits of donating land or easements to a trust.<\/li>\n<\/ul>\n\n\n\n<div style=\"height:34px\" aria-hidden=\"true\" class=\"wp-block-spacer\"><\/div>\n\n\n\n<h3 class=\"wp-block-heading\"><strong>&#8220;It takes a village to tend the land.&#8221;<\/strong><\/h3>\n\n\n\n<p>The NBCLT (FFCNB) is more than just a land-holding organization; we are a community-led movement. Every volunteer role is a vital part of our mission to keep New Brunswick\u2019s soil productive and community-owned.<\/p>\n\n\n\n<h4 class=\"wp-block-heading\"><strong>View our open positions on <a href=\"https:\/\/www.volunteersuccess.com\">Volunteer Success.com<\/a><\/strong>&nbsp;or&nbsp;<strong><a href=\"https:\/\/back2land.ca\/nbclt\/contact-us\/\" data-type=\"page\" data-id=\"192\">Contact us directly<\/a> to offer your skills<\/strong>.<\/h4>\n","protected":false},"excerpt":{"rendered":"<p>Join the Stewardship Circle Volunteer with the New Brunswick Community Land Trust The Governance Team The Wisdom &amp; Grounding &#8220;It takes a village to tend the land.&#8221; The NBCLT (FFCNB) is more than just a land-holding organization; we are a community-led movement. Every volunteer role is a vital part of our mission to keep New [&hellip;]<\/p>\n","protected":false},"author":2,"featured_media":63,"parent":0,"menu_order":0,"comment_status":"closed","ping_status":"closed","template":"","meta":{"footnotes":""},"class_list":["post-398","page","type-page","status-publish","has-post-thumbnail","hentry"],"_links":{"self":[{"href":"https:\/\/back2land.ca\/nbclt\/wp-json\/wp\/v2\/pages\/398","targetHints":{"allow":["GET"]}}],"collection":[{"href":"https:\/\/back2land.ca\/nbclt\/wp-json\/wp\/v2\/pages"}],"about":[{"href":"https:\/\/back2land.ca\/nbclt\/wp-json\/wp\/v2\/types\/page"}],"author":[{"embeddable":true,"href":"https:\/\/back2land.ca\/nbclt\/wp-json\/wp\/v2\/users\/2"}],"replies":[{"embeddable":true,"href":"https:\/\/back2land.ca\/nbclt\/wp-json\/wp\/v2\/comments?post=398"}],"version-history":[{"count":7,"href":"https:\/\/back2land.ca\/nbclt\/wp-json\/wp\/v2\/pages\/398\/revisions"}],"predecessor-version":[{"id":511,"href":"https:\/\/back2land.ca\/nbclt\/wp-json\/wp\/v2\/pages\/398\/revisions\/511"}],"wp:featuredmedia":[{"embeddable":true,"href":"https:\/\/back2land.ca\/nbclt\/wp-json\/wp\/v2\/media\/63"}],"wp:attachment":[{"href":"https:\/\/back2land.ca\/nbclt\/wp-json\/wp\/v2\/media?parent=398"}],"curies":[{"name":"wp","href":"https:\/\/api.w.org\/{rel}","templated":true}]}}