{"id":457,"date":"2026-03-03T18:46:39","date_gmt":"2026-03-03T23:46:39","guid":{"rendered":"https:\/\/back2land.ca\/nbclt\/?page_id=457"},"modified":"2026-03-15T13:09:45","modified_gmt":"2026-03-15T17:09:45","slug":"a-propos","status":"publish","type":"page","link":"https:\/\/back2land.ca\/nbclt\/a-propos\/","title":{"rendered":"Enracin\u00e9e dans la terre, tourn\u00e9e vers l&#8217;avenir"},"content":{"rendered":"\n<figure class=\"wp-block-image size-large\"><img loading=\"lazy\" decoding=\"async\" width=\"1024\" height=\"576\" src=\"https:\/\/back2land.ca\/nbclt\/wp-content\/uploads\/2026\/01\/aboutus-1024x576.jpg\" alt=\"\" class=\"wp-image-247\" srcset=\"https:\/\/back2land.ca\/nbclt\/wp-content\/uploads\/2026\/01\/aboutus-1024x576.jpg 1024w, https:\/\/back2land.ca\/nbclt\/wp-content\/uploads\/2026\/01\/aboutus-300x169.jpg 300w, https:\/\/back2land.ca\/nbclt\/wp-content\/uploads\/2026\/01\/aboutus-768x432.jpg 768w, https:\/\/back2land.ca\/nbclt\/wp-content\/uploads\/2026\/01\/aboutus.jpg 1365w\" sizes=\"auto, (max-width: 1024px) 100vw, 1024px\" \/><\/figure>\n\n\n\n<h1 class=\"wp-block-heading\">Notre histoire<\/h1>\n\n\n\n<div style=\"height:35px\" aria-hidden=\"true\" class=\"wp-block-spacer\"><\/div>\n\n\n\n<h2 class=\"wp-block-heading\">Enracin\u00e9e dans la terre, tourn\u00e9e vers l\u2019avenir<\/h2>\n\n\n\n<div style=\"height:35px\" aria-hidden=\"true\" class=\"wp-block-spacer\"><\/div>\n\n\n\n<h4 class=\"wp-block-heading\"><strong>La vision de 1995<\/strong><\/h4>\n\n\n\n<p id=\"p-rc_977a85ec834e2e5f-135\">La Fiducie fonci\u00e8re communautaire du Nouveau-Brunswick (FFNNB) est n\u00e9e d\u2019une id\u00e9e \u00e0 la fois radicale et simple&nbsp;: \u00ab&nbsp;la terre est bien plus qu\u2019une marchandise \u00e0 acheter et \u00e0 vendre&nbsp;; elle est essentielle \u00e0 notre identit\u00e9&nbsp;\u00bb. Fond\u00e9e en 1995 par une coalition de forestiers, d&#8217;agriculteurs et de d\u00e9fenseurs de l&#8217;environnement, cet organisme de bienfaisance, dont David Coon et Robert Young, visait \u00e0 garantir le contr\u00f4le local des propri\u00e9t\u00e9s rurales qui, autrement, pourraient passer entre les mains de la communaut\u00e9.<\/p>\n\n\n\n<h4 class=\"wp-block-heading\"><strong>Notre mandat<\/strong><\/h4>\n\n\n\n<p id=\"p-rc_977a85ec834e2e5f-136\">Le mandat du NBCLT est de prot\u00e9ger les terres agricoles pour les g\u00e9n\u00e9rations futures. Nous croyons fermement que la gestion \u00e9cologique est essentielle \u00e0 la p\u00e9rennit\u00e9 de toute activit\u00e9 \u00e9conomique li\u00e9e \u00e0 la terre, y compris la foresterie, l&#8217;agriculture et m\u00eame l&#8217;autosuffisance. Le terme \u00ab&nbsp;\u00e9co&nbsp;\u00bb, commun \u00e0 l&#8217;\u00e9cologie et \u00e0 l&#8217;\u00e9conomie, vient du mot grec \u00ab&nbsp;\u00e9co&nbsp;\u00bb, qui signifie foyer. Comment l&#8217;humanit\u00e9 peut-elle \u00e9tablir un foyer sur Terre sans la d\u00e9truire&nbsp;? Cette question demeure cruciale pour la soci\u00e9t\u00e9 dans son ensemble. Le NBCLT a mis en \u0153uvre des outils juridiques pour prot\u00e9ger les terres agricoles contre le pillage de leurs ressources et leur abandon au profit de la v\u00e9g\u00e9tation.<\/p>\n\n\n\n<h4 class=\"wp-block-heading\">D\u00e9fis et occasions actuels<\/h4>\n\n\n\n<p id=\"p-rc_977a85ec834e2e5f-137\">Le mandat initial du NBCLT, qui consiste \u00e0 prot\u00e9ger les terres agricoles, demeure plus que jamais d&#8217;actualit\u00e9. Face \u00e0 la hausse des prix fonciers, il est devenu plus difficile d&#8217;acqu\u00e9rir des terres pour la production alimentaire locale et l&#8217;exploitation durable des produits forestiers. Le NBCLT souhaite accompagner les producteurs locaux dans la poursuite de leur gestion et accueillir la nouvelle g\u00e9n\u00e9ration en r\u00e9affirmant son engagement envers le mod\u00e8le de propri\u00e9t\u00e9 fonci\u00e8re communautaire (PFC) d\u00e9crit pour la premi\u00e8re fois en 1995.<\/p>\n\n\n\n<ul class=\"wp-block-list\">\n<li><strong>Retirer les terres du march\u00e9 sp\u00e9culatif :<\/strong>&nbsp;&nbsp;nous veillons \u00e0 ce que les terres demeurent un bien commun, conform\u00e9ment \u00e0 l&#8217;objectif de 1995 de maintenir le \u00ab contr\u00f4le local \u00bb.<\/li>\n\n\n\n<li><strong>Gestion \u00e9cologique :<\/strong>&nbsp;&nbsp;Nous restons d\u00e9termin\u00e9s \u00e0 veiller \u00e0 ce que les terres soient \u00ab maintenues dans une production \u00e9cologiquement durable \u00bb, que ce soit sous la forme d\u2019un bois\u00e9 am\u00e9nag\u00e9 ou d\u2019une ferme dynamique.<\/li>\n\n\n\n<li><strong>Participation active :<\/strong>&nbsp;&nbsp;En donnant acc\u00e8s \u00e0 la terre \u00e0 une nouvelle g\u00e9n\u00e9ration de cultivateurs, nous honorons l\u2019intention initiale d\u2019assurer une s\u00e9curit\u00e9 \u00e0 long terme \u00e0 ceux qui pratiquent une \u00ab gestion responsable \u00bb.<\/li>\n<\/ul>\n\n\n\n<p id=\"p-rc_ca4d424f4506b93c-52\">Que ce soit par le biais d&#8217;une servitude de conservation d\u00e9tenue depuis des d\u00e9cennies ou d&#8217;une nouvelle parcelle de jardin communautaire, notre objectif reste le m\u00eame&nbsp;: veiller \u00e0 ce que le sol du Nouveau-Brunswick continue de nourrir nos communaut\u00e9s pour les g\u00e9n\u00e9rations \u00e0 venir.<\/p>\n\n\n\n<h3 class=\"wp-block-heading\"><strong>D\u00e9couvrez le mouvement des fiducies fonci\u00e8res communautaires<\/strong>&nbsp;: un h\u00e9ritage de justice et de gestion responsable des terres<\/h3>\n\n\n\n<p><strong>Les racines de la r\u00e9silience : une histoire de la gestion communautaire des terres<\/strong><\/p>\n\n\n\n<p id=\"p-rc_183ebac469ca1fbd-87\">Le mod\u00e8le de fiducie fonci\u00e8re communautaire (FFC) trouve ses racines modernes dans le mouvement am\u00e9ricain des droits civiques de la fin des ann\u00e9es 1960, avec la cr\u00e9ation de&nbsp;&nbsp;<strong>New Communities Inc.<\/strong>&nbsp;&nbsp;dans le comt\u00e9 de Lee, en G\u00e9orgie. Fond\u00e9e en 1969 en r\u00e9action radicale au d\u00e9placement des agriculteurs noirs, cette organisation a d\u00e9montr\u00e9 que la terre pouvait \u00eatre consid\u00e9r\u00e9e comme une ressource commune en dissociant la propri\u00e9t\u00e9 fonci\u00e8re de la propri\u00e9t\u00e9 des am\u00e9nagements qui y sont construits. Cette vision \u2013 selon laquelle la terre est \u00ab bien plus qu&#8217;une marchandise\u2026 elle est fondamentale \u00e0 notre identit\u00e9 \u00bb \u2013 a jet\u00e9 les bases de la&nbsp;&nbsp;<strong>FFC de New Brunswick,<\/strong>&nbsp;&nbsp;qui a \u00e9tabli sa propre mission en 1995.<\/p>\n\n\n\n<p>Au Canada, le mouvement a engendr\u00e9 un r\u00e9seau diversifi\u00e9 de fiducies urbaines et rurales. Dans les Maritimes, cette dynamique est devenue une force montante pour la protection des terres.<\/p>\n\n\n\n<ul class=\"wp-block-list\">\n<li><strong>Nouvelle-\u00c9cosse :<\/strong>&nbsp;&nbsp;La&nbsp;&nbsp;<strong>fiducie fonci\u00e8re communautaire de la Nouvelle-\u00c9cosse<\/strong>&nbsp;&nbsp;et des groupes r\u00e9gionaux comme l&#8217;&nbsp;&nbsp;<strong>Association de gestion des terres de la baie St. Margaret<\/strong>&nbsp;&nbsp;ont ouvert la voie en mati\u00e8re de protection des terres agricoles et des actifs c\u00f4tiers contre la sp\u00e9culation du march\u00e9.<\/li>\n\n\n\n<li><strong>Nouveau-Brunswick :<\/strong>&nbsp;&nbsp;Depuis 1995, la NBCLT s\u2019efforce d\u2019assurer \u00ab le contr\u00f4le local des propri\u00e9t\u00e9s rurales \u00bb gr\u00e2ce \u00e0 un mod\u00e8le de propri\u00e9t\u00e9 bas\u00e9 sur l\u2019adh\u00e9sion.<\/li>\n<\/ul>\n\n\n\n<p id=\"p-rc_183ebac469ca1fbd-89\">Aujourd&#8217;hui, nous associons la vision de la G\u00e9orgie de 1969 en mati\u00e8re de justice fonci\u00e8re \u00e0 notre objectif de \u00ab gestion responsable\u2026 \u00e0 perp\u00e9tuit\u00e9 \u00bb.En offrant des baux \u00e0 long terme pour des jardins et des microfermes durables, nous nous assurons que les terres agricoles du Nouveau-Brunswick demeurent le moteur des communaut\u00e9s rurales..<\/p>\n\n\n\n<h2 class=\"wp-block-heading\">Voici le premier article \u00e9crit sur notre organisation en 1995.<\/h2>\n\n\n\n<figure class=\"wp-block-image size-large\"><img loading=\"lazy\" decoding=\"async\" width=\"724\" height=\"1024\" src=\"https:\/\/back2land.ca\/nbclt\/wp-content\/uploads\/2026\/02\/Daily-Gleaner-95-724x1024.jpg\" alt=\"\" class=\"wp-image-390\" srcset=\"https:\/\/back2land.ca\/nbclt\/wp-content\/uploads\/2026\/02\/Daily-Gleaner-95-724x1024.jpg 724w, https:\/\/back2land.ca\/nbclt\/wp-content\/uploads\/2026\/02\/Daily-Gleaner-95-212x300.jpg 212w, https:\/\/back2land.ca\/nbclt\/wp-content\/uploads\/2026\/02\/Daily-Gleaner-95-768x1087.jpg 768w, https:\/\/back2land.ca\/nbclt\/wp-content\/uploads\/2026\/02\/Daily-Gleaner-95-1085x1536.jpg 1085w, https:\/\/back2land.ca\/nbclt\/wp-content\/uploads\/2026\/02\/Daily-Gleaner-95.jpg 1260w\" sizes=\"auto, (max-width: 724px) 100vw, 724px\" \/><\/figure>\n","protected":false},"excerpt":{"rendered":"<p>Notre histoire Enracin\u00e9e dans la terre, tourn\u00e9e vers l\u2019avenir La vision de 1995 La Fiducie fonci\u00e8re communautaire du Nouveau-Brunswick (FFNNB) est n\u00e9e d\u2019une id\u00e9e \u00e0 la fois radicale et simple&nbsp;: \u00ab&nbsp;la terre est bien plus qu\u2019une marchandise \u00e0 acheter et \u00e0 vendre&nbsp;; elle est essentielle \u00e0 notre identit\u00e9&nbsp;\u00bb. Fond\u00e9e en 1995 par une coalition de [&hellip;]<\/p>\n","protected":false},"author":2,"featured_media":247,"parent":0,"menu_order":0,"comment_status":"closed","ping_status":"closed","template":"","meta":{"footnotes":""},"class_list":["post-457","page","type-page","status-publish","has-post-thumbnail","hentry"],"_links":{"self":[{"href":"https:\/\/back2land.ca\/nbclt\/wp-json\/wp\/v2\/pages\/457","targetHints":{"allow":["GET"]}}],"collection":[{"href":"https:\/\/back2land.ca\/nbclt\/wp-json\/wp\/v2\/pages"}],"about":[{"href":"https:\/\/back2land.ca\/nbclt\/wp-json\/wp\/v2\/types\/page"}],"author":[{"embeddable":true,"href":"https:\/\/back2land.ca\/nbclt\/wp-json\/wp\/v2\/users\/2"}],"replies":[{"embeddable":true,"href":"https:\/\/back2land.ca\/nbclt\/wp-json\/wp\/v2\/comments?post=457"}],"version-history":[{"count":6,"href":"https:\/\/back2land.ca\/nbclt\/wp-json\/wp\/v2\/pages\/457\/revisions"}],"predecessor-version":[{"id":516,"href":"https:\/\/back2land.ca\/nbclt\/wp-json\/wp\/v2\/pages\/457\/revisions\/516"}],"wp:featuredmedia":[{"embeddable":true,"href":"https:\/\/back2land.ca\/nbclt\/wp-json\/wp\/v2\/media\/247"}],"wp:attachment":[{"href":"https:\/\/back2land.ca\/nbclt\/wp-json\/wp\/v2\/media?parent=457"}],"curies":[{"name":"wp","href":"https:\/\/api.w.org\/{rel}","templated":true}]}}