{"id":460,"date":"2026-03-03T18:53:26","date_gmt":"2026-03-03T23:53:26","guid":{"rendered":"https:\/\/back2land.ca\/nbclt\/?page_id=460"},"modified":"2026-03-15T12:43:50","modified_gmt":"2026-03-15T16:43:50","slug":"comment-acceder-a-la-terre","status":"publish","type":"page","link":"https:\/\/back2land.ca\/nbclt\/comment-acceder-a-la-terre\/","title":{"rendered":"Comment acc\u00e9der \u00e0 la terre"},"content":{"rendered":"\n<figure class=\"wp-block-image size-large\"><img loading=\"lazy\" decoding=\"async\" width=\"1024\" height=\"576\" src=\"https:\/\/back2land.ca\/nbclt\/wp-content\/uploads\/2026\/01\/Image_fx-25-1024x576.jpg\" alt=\"Flowing hills of embroidered gardens\" class=\"wp-image-240\" srcset=\"https:\/\/back2land.ca\/nbclt\/wp-content\/uploads\/2026\/01\/Image_fx-25-1024x576.jpg 1024w, https:\/\/back2land.ca\/nbclt\/wp-content\/uploads\/2026\/01\/Image_fx-25-300x169.jpg 300w, https:\/\/back2land.ca\/nbclt\/wp-content\/uploads\/2026\/01\/Image_fx-25-768x432.jpg 768w, https:\/\/back2land.ca\/nbclt\/wp-content\/uploads\/2026\/01\/Image_fx-25.jpg 1365w\" sizes=\"auto, (max-width: 1024px) 100vw, 1024px\" \/><\/figure>\n\n\n\n<h1 class=\"wp-block-heading\">Comment acc\u00e9der \u00e0 la terre<\/h1>\n\n\n\n<div style=\"height:35px\" aria-hidden=\"true\" class=\"wp-block-spacer\"><\/div>\n\n\n\n<p>L&#8217;acc\u00e8s \u00e0 la terre au Nouveau-Brunswick est la premi\u00e8re \u00e9tape vers la construction d&#8217;une communaut\u00e9 r\u00e9siliente et \u00e0 l&#8217;autosuffisance alimentaire. Que vous recherchiez un petit potager ou une superficie suffisante pour une microferme, la&nbsp;&nbsp;<strong>NBCLT (FFCNB)<\/strong>&nbsp;&nbsp;travaille \u00e0 rendre l\u2019acc\u00e8s \u00e0 la terre abordable, s\u00e9curitaire et fond\u00e9 sur une gestion responsable.<\/p>\n\n\n\n<h3 class=\"wp-block-heading\">1. Le \u00ab patchwork \u00bb du NBCLT<\/h3>\n\n\n\n<p>Nous collaborons actuellement avec des propri\u00e9taires fonciers afin d&#8217;int\u00e9grer de nouvelles propri\u00e9t\u00e9s au sein du fonds. Notre mod\u00e8le est bas\u00e9 sur le&nbsp;&nbsp;<strong>bail emphyt\u00e9otique du Community Land Trust<\/strong>&nbsp;, qui offre&nbsp;:<\/p>\n\n\n\n<ul class=\"wp-block-list\">\n<li><strong>S\u00e9curit\u00e9 \u00e0 long terme :<\/strong>&nbsp;&nbsp;des baux de 25 \u00e0 99 ans qui vous permettent d&#8217;investir dans le sol et l&#8217;infrastructure.<\/li>\n\n\n\n<li><strong>Transmission h\u00e9r\u00e9ditaire :<\/strong>&nbsp;&nbsp;la possibilit\u00e9 de transmettre votre bail et vos \u00ab am\u00e9liorations \u00bb durement acquises (comme les serres ou les vergers) \u00e0 la g\u00e9n\u00e9ration suivante.<\/li>\n\n\n\n<li><strong>Accessibilit\u00e9 financi\u00e8re&nbsp;:<\/strong>&nbsp;&nbsp;En retirant les terrains du march\u00e9 sp\u00e9culatif, nous maintenons les loyers en fonction de la valeur productive des terrains, et non de leur valeur immobili\u00e8re.<\/li>\n<\/ul>\n\n\n\n<p><strong>Inscrivez-vous \u00e0 notre registre des personnes \u00e0 la recherche de terrains&nbsp;:<\/strong>&nbsp;&nbsp;envoyez-nous un message&nbsp;<a href=\"https:\/\/back2land-ca.translate.goog\/nbclt\/contact-us\/?_x_tr_sl=auto&amp;_x_tr_tl=en&amp;_x_tr_hl=en-US&amp;_x_tr_pto=wapp\">ici<\/a>&nbsp;pour \u00eatre le premier inform\u00e9 lorsque de nouveaux jardins partag\u00e9s ou des parcelles agricoles sont disponibles dans votre r\u00e9gion.<\/p>\n\n\n\n<h3 class=\"wp-block-heading\">2. Solutions imm\u00e9diates : O\u00f9 prendre de l&#8217;expansion aujourd&#8217;hui<\/h3>\n\n\n\n<p>Alors que notre fiducie prend de l&#8217;expansion, plusieurs organisations incroyables au Nouveau-Brunswick et dans les Maritimes offrent des moyens imm\u00e9diats de mettre la main \u00e0 la p\u00e2te.<\/p>\n\n\n\n<h4 class=\"wp-block-heading\"><strong>Jardins communautaires<\/strong><\/h4>\n\n\n\n<p>Si vous cherchez un petit terrain pour cultiver des aliments pour votre famille&nbsp;:<\/p>\n\n\n\n<ul class=\"wp-block-list\">\n<li><strong>Jardins communautaires de r\u00e9colte du Nouveau-Brunswick (Fredericton)&nbsp;:<\/strong>&nbsp;Chef de file du jardinage inclusif \u00e0 contribution libre. Ils g\u00e8rent des sites comme St. Mary\u2019s et Hayes Farm.<\/li>\n\n\n\n<li><strong>Jardin communautaire biologique de Fredericton&nbsp;:<\/strong>&nbsp;&nbsp;Offre plus de 100 parcelles pour ceux qui s&#8217;engagent en faveur des pratiques biologiques.<\/li>\n\n\n\n<li><strong>Les \u00c9co-Citoyens d&#8217;Edmundston :<\/strong>&nbsp;&nbsp;En partenariat avec le Jardin botanique du Nouveau-Brunswick, ils offrent des parcelles communautaires dans la r\u00e9gion de Madawaska.<\/li>\n<\/ul>\n\n\n\n<h4 class=\"wp-block-heading\"><strong>Apprentissage et mentorat<\/strong><\/h4>\n\n\n\n<p>Si vous \u00eates un agriculteur en herbe qui cherche \u00e0 acqu\u00e9rir de l&#8217;exp\u00e9rience avant de prendre un bail&nbsp;:<\/p>\n\n\n\n<ul class=\"wp-block-list\">\n<li><strong>Ferme Hayes (Fredericton) :<\/strong>&nbsp;&nbsp;Une ferme p\u00e9dagogique qui offre un programme de \u00ab producteur alimentaire communautaire \u00bb.<\/li>\n\n\n\n<li><strong>Young Agrarians :<\/strong>&nbsp;&nbsp;Bien que leur programme de jumelage de terres soit actuellement ax\u00e9 sur la Colombie-Britannique, leur&nbsp;&nbsp;<strong>programme d&#8217;apprentissage agricole<\/strong>&nbsp;et&nbsp; leurs&nbsp;<strong>ateliers intensifs en ligne sur la gestion d&#8217;entreprise<\/strong>&nbsp;&nbsp;sont d&#8217;une valeur inestimable pour les nouveaux agriculteurs du Nouveau-Brunswick.<\/li>\n<\/ul>\n\n\n\n<h3 class=\"wp-block-heading\">3. Ressources fonci\u00e8res gouvernementales et publiques<\/h3>\n\n\n\n<p>Pour ceux qui recherchent des exploitations agricoles de plus grande envergure ou des baux de terres de la Couronne&nbsp;:<\/p>\n\n\n\n<ul class=\"wp-block-list\">\n<li><strong>Minist\u00e8re de l\u2019Agriculture du Nouveau-Brunswick (Programme FLIP)&nbsp;:<\/strong>&nbsp;&nbsp;Le Programme d\u2019identification des terres agricoles aide \u00e0 identifier et \u00e0 prot\u00e9ger les terres agricoles.<\/li>\n\n\n\n<li><strong>Baux de terres de la Couronne :<\/strong>&nbsp;&nbsp;Sous certaines conditions, les N\u00e9o-Brunswickois peuvent demander \u00e0 louer des terres de la Couronne \u00e0 des fins agricoles (autres que la culture des bleuets).<\/li>\n<\/ul>\n\n\n\n<h3 class=\"wp-block-heading\">4. Entamez une conversation avec un voisin<\/h3>\n\n\n\n<p>Parfois, la meilleure fa\u00e7on d&#8217;acc\u00e9der \u00e0 un terrain est de se parler d&#8217;une simple poign\u00e9e de main. Si vous avez rep\u00e9r\u00e9 un terrain inexploit\u00e9 dans votre communaut\u00e9 que vous aimeriez voir prot\u00e9g\u00e9 par le fonds en fiducie&nbsp;:<\/p>\n\n\n\n<ol start=\"1\" class=\"wp-block-list\">\n<li><strong>N&#8217;h\u00e9sitez pas \u00e0 communiquer avec nous&nbsp;:<\/strong>&nbsp;&nbsp;nous pouvons vous aider \u00e0 expliquer le mod\u00e8le de fiducie au propri\u00e9taire foncier.<\/li>\n\n\n\n<li><strong>Proposez un jardin&nbsp;:<\/strong>&nbsp;&nbsp;Nous pouvons vous fournir des ressources sur la fa\u00e7on de transformer un terrain priv\u00e9 en un tr\u00e9sor communautaire, comme nos fondateurs l\u2019avaient imagin\u00e9 en 1995.<\/li>\n<\/ol>\n\n\n\n<p><strong>Pr\u00eat \u00e0 commencer&nbsp;?&nbsp;<\/strong>&nbsp;<a href=\"https:\/\/back2land-ca.translate.goog\/nbclt\/contact-us\/?_x_tr_sl=auto&amp;_x_tr_tl=en&amp;_x_tr_hl=en-US&amp;_x_tr_pto=wapp\">Utilisez notre formulaire<\/a>&nbsp;pour nous indiquer o\u00f9 vous en \u00eates, ce que vous voulez d\u00e9velopper et quels sont vos principaux obstacles&nbsp;<em>.<\/em><\/p>\n","protected":false},"excerpt":{"rendered":"<p>Comment acc\u00e9der \u00e0 la terre L&#8217;acc\u00e8s \u00e0 la terre au Nouveau-Brunswick est la premi\u00e8re \u00e9tape vers la construction d&#8217;une communaut\u00e9 r\u00e9siliente et \u00e0 l&#8217;autosuffisance alimentaire. Que vous recherchiez un petit potager ou une superficie suffisante pour une microferme, la&nbsp;&nbsp;NBCLT (FFCNB)&nbsp;&nbsp;travaille \u00e0 rendre l\u2019acc\u00e8s \u00e0 la terre abordable, s\u00e9curitaire et fond\u00e9 sur une gestion responsable. 1. [&hellip;]<\/p>\n","protected":false},"author":2,"featured_media":240,"parent":0,"menu_order":0,"comment_status":"closed","ping_status":"closed","template":"","meta":{"footnotes":""},"class_list":["post-460","page","type-page","status-publish","has-post-thumbnail","hentry"],"_links":{"self":[{"href":"https:\/\/back2land.ca\/nbclt\/wp-json\/wp\/v2\/pages\/460","targetHints":{"allow":["GET"]}}],"collection":[{"href":"https:\/\/back2land.ca\/nbclt\/wp-json\/wp\/v2\/pages"}],"about":[{"href":"https:\/\/back2land.ca\/nbclt\/wp-json\/wp\/v2\/types\/page"}],"author":[{"embeddable":true,"href":"https:\/\/back2land.ca\/nbclt\/wp-json\/wp\/v2\/users\/2"}],"replies":[{"embeddable":true,"href":"https:\/\/back2land.ca\/nbclt\/wp-json\/wp\/v2\/comments?post=460"}],"version-history":[{"count":3,"href":"https:\/\/back2land.ca\/nbclt\/wp-json\/wp\/v2\/pages\/460\/revisions"}],"predecessor-version":[{"id":504,"href":"https:\/\/back2land.ca\/nbclt\/wp-json\/wp\/v2\/pages\/460\/revisions\/504"}],"wp:featuredmedia":[{"embeddable":true,"href":"https:\/\/back2land.ca\/nbclt\/wp-json\/wp\/v2\/media\/240"}],"wp:attachment":[{"href":"https:\/\/back2land.ca\/nbclt\/wp-json\/wp\/v2\/media?parent=460"}],"curies":[{"name":"wp","href":"https:\/\/api.w.org\/{rel}","templated":true}]}}