{"id":462,"date":"2026-03-03T18:57:43","date_gmt":"2026-03-03T23:57:43","guid":{"rendered":"https:\/\/back2land.ca\/nbclt\/?page_id=462"},"modified":"2026-03-15T12:41:55","modified_gmt":"2026-03-15T16:41:55","slug":"comment-faire-don-dun-terrain","status":"publish","type":"page","link":"https:\/\/back2land.ca\/nbclt\/comment-faire-don-dun-terrain\/","title":{"rendered":"Comment faire don d\u2019un terrain"},"content":{"rendered":"\n<figure class=\"wp-block-image size-large\"><img loading=\"lazy\" decoding=\"async\" width=\"1024\" height=\"576\" src=\"https:\/\/back2land.ca\/nbclt\/wp-content\/uploads\/2026\/01\/Image_fx-8-1024x576.jpg\" alt=\"Brushy embroidered field in New Brunswick\" class=\"wp-image-241\" srcset=\"https:\/\/back2land.ca\/nbclt\/wp-content\/uploads\/2026\/01\/Image_fx-8-1024x576.jpg 1024w, https:\/\/back2land.ca\/nbclt\/wp-content\/uploads\/2026\/01\/Image_fx-8-300x169.jpg 300w, https:\/\/back2land.ca\/nbclt\/wp-content\/uploads\/2026\/01\/Image_fx-8-768x432.jpg 768w, https:\/\/back2land.ca\/nbclt\/wp-content\/uploads\/2026\/01\/Image_fx-8.jpg 1365w\" sizes=\"auto, (max-width: 1024px) 100vw, 1024px\" \/><\/figure>\n\n\n\n<h1 class=\"wp-block-heading\">Comment faire don d\u2019un terrain<\/h1>\n\n\n\n<div style=\"height:35px\" aria-hidden=\"true\" class=\"wp-block-spacer\"><\/div>\n\n\n\n<p><strong>Pourquoi confier vos terres \u00e0 la NBCLT ?<\/strong><\/p>\n\n\n\n<p>Depuis pr\u00e8s de 30 ans, nous veillons \u00e0 la pr\u00e9servation du patrimoine rural et forestier du Nouveau-Brunswick. Nous savons que la terre est bien plus qu&#8217;une simple ressource&nbsp;: elle repr\u00e9sente le fruit d&#8217;un travail de toute une vie, l&#8217;histoire d&#8217;une famille et l&#8217;avenir d&#8217;une communaut\u00e9. En faisant don de terres ou d&#8217;une servitude de conservation \u00e0 la Fiducie fonci\u00e8re communautaire du Nouveau-Brunswick, vous garantissez leur protection contre la sp\u00e9culation et l&#8217;abandon.<\/p>\n\n\n\n<h4 class=\"wp-block-heading\"><strong>Ce que nous offrons aux donateurs potentiels&nbsp;:<\/strong><\/h4>\n\n\n\n<ul class=\"wp-block-list\">\n<li><strong>Gestion durable :<\/strong>&nbsp;&nbsp;Nous veillons \u00e0 ce que vos terres demeurent en \u00ab production \u00e9cologiquement durable \u00bb, que ce soit sous forme de for\u00eat g\u00e9r\u00e9e, de microferme dynamique ou de jardin communautaire.<\/li>\n\n\n\n<li><strong>Contr\u00f4le local :<\/strong>&nbsp;&nbsp;Nous retirons les terres du march\u00e9 sp\u00e9culatif, les gardant entre les mains de la communaut\u00e9 pour servir le \u00ab poumon \u00e9conomique du Nouveau-Brunswick rural \u00bb.<\/li>\n\n\n\n<li><strong>Solutions personnalis\u00e9es&nbsp;:<\/strong>&nbsp;&nbsp;Que vous souhaitiez faire don de votre titre de propri\u00e9t\u00e9 ou \u00e9tablir un bail emphyt\u00e9otique \u00e0 long terme, nous collaborons avec vous pour respecter vos souhaits.<\/li>\n<\/ul>\n\n\n\n<h3 class=\"wp-block-heading\"><strong>Commen\u00e7ons une conversation<\/strong><\/h3>\n\n\n\n<p><strong>Nous \u00e9largissons pr\u00e9sentement notre r\u00e9seau de terres communautaires. Si vous \u00eates propri\u00e9taire foncier et souhaitez que votre sol nourrisse les g\u00e9n\u00e9rations futures ou que votre bois\u00e9 soit g\u00e9r\u00e9 avec soin, n&#8217;h\u00e9sitez pas \u00e0 nous contacter.<\/strong><\/p>\n\n\n\n<p><strong>Contactez-nous&nbsp;<a href=\"https:\/\/back2land-ca.translate.goog\/nbclt\/contact-us\/?_x_tr_sl=auto&amp;_x_tr_tl=en&amp;_x_tr_hl=en-US&amp;_x_tr_pto=wapp\">ICI<\/a>&nbsp;pour en discuter&nbsp;:<\/strong><\/p>\n\n\n\n<ul class=\"wp-block-list\">\n<li>Faire don du titre de propri\u00e9t\u00e9 au fonds de fiducie.<\/li>\n\n\n\n<li>Les avantages fiscaux potentiels li\u00e9s aux dons \u00e0 un organisme de bienfaisance canadien enregistr\u00e9.<\/li>\n\n\n\n<li>Comment votre terrain peut devenir la pierre angulaire d&#8217;une nouvelle communaut\u00e9 de jardins.<\/li>\n<\/ul>\n\n\n\n<p><em>Remarque&nbsp;: Chaque terrain est unique. Le NBCLT \u00e9value tous les dons de terrain potentiels en fonction de leur \u00e9tat \u00e9cologique, des besoins de la communaut\u00e9 et de sa capacit\u00e9 actuelle \u00e0 les g\u00e9rer. Toutes les demandes sont trait\u00e9es de mani\u00e8re strictement confidentielle.<\/em><\/p>\n","protected":false},"excerpt":{"rendered":"<p>Comment faire don d\u2019un terrain Pourquoi confier vos terres \u00e0 la NBCLT ? Depuis pr\u00e8s de 30 ans, nous veillons \u00e0 la pr\u00e9servation du patrimoine rural et forestier du Nouveau-Brunswick. Nous savons que la terre est bien plus qu&#8217;une simple ressource&nbsp;: elle repr\u00e9sente le fruit d&#8217;un travail de toute une vie, l&#8217;histoire d&#8217;une famille et [&hellip;]<\/p>\n","protected":false},"author":2,"featured_media":241,"parent":0,"menu_order":0,"comment_status":"closed","ping_status":"closed","template":"","meta":{"footnotes":""},"class_list":["post-462","page","type-page","status-publish","has-post-thumbnail","hentry"],"_links":{"self":[{"href":"https:\/\/back2land.ca\/nbclt\/wp-json\/wp\/v2\/pages\/462","targetHints":{"allow":["GET"]}}],"collection":[{"href":"https:\/\/back2land.ca\/nbclt\/wp-json\/wp\/v2\/pages"}],"about":[{"href":"https:\/\/back2land.ca\/nbclt\/wp-json\/wp\/v2\/types\/page"}],"author":[{"embeddable":true,"href":"https:\/\/back2land.ca\/nbclt\/wp-json\/wp\/v2\/users\/2"}],"replies":[{"embeddable":true,"href":"https:\/\/back2land.ca\/nbclt\/wp-json\/wp\/v2\/comments?post=462"}],"version-history":[{"count":3,"href":"https:\/\/back2land.ca\/nbclt\/wp-json\/wp\/v2\/pages\/462\/revisions"}],"predecessor-version":[{"id":502,"href":"https:\/\/back2land.ca\/nbclt\/wp-json\/wp\/v2\/pages\/462\/revisions\/502"}],"wp:featuredmedia":[{"embeddable":true,"href":"https:\/\/back2land.ca\/nbclt\/wp-json\/wp\/v2\/media\/241"}],"wp:attachment":[{"href":"https:\/\/back2land.ca\/nbclt\/wp-json\/wp\/v2\/media?parent=462"}],"curies":[{"name":"wp","href":"https:\/\/api.w.org\/{rel}","templated":true}]}}