{"id":465,"date":"2026-03-03T19:01:29","date_gmt":"2026-03-04T00:01:29","guid":{"rendered":"https:\/\/back2land.ca\/nbclt\/?page_id=465"},"modified":"2026-03-15T13:03:51","modified_gmt":"2026-03-15T17:03:51","slug":"rejoignez-le-cercle-des-intendants","status":"publish","type":"page","link":"https:\/\/back2land.ca\/nbclt\/rejoignez-le-cercle-des-intendants\/","title":{"rendered":"Rejoignez le cercle des intendants"},"content":{"rendered":"\n<figure class=\"wp-block-image size-large\"><img loading=\"lazy\" decoding=\"async\" width=\"1024\" height=\"576\" src=\"https:\/\/back2land.ca\/nbclt\/wp-content\/uploads\/2023\/06\/hero1-1024x576.jpg\" alt=\"Embroidered image of people working in the garden\" class=\"wp-image-63\" srcset=\"https:\/\/back2land.ca\/nbclt\/wp-content\/uploads\/2023\/06\/hero1-1024x576.jpg 1024w, https:\/\/back2land.ca\/nbclt\/wp-content\/uploads\/2023\/06\/hero1-300x169.jpg 300w, https:\/\/back2land.ca\/nbclt\/wp-content\/uploads\/2023\/06\/hero1-768x432.jpg 768w, https:\/\/back2land.ca\/nbclt\/wp-content\/uploads\/2023\/06\/hero1.jpg 1365w\" sizes=\"auto, (max-width: 1024px) 100vw, 1024px\" \/><\/figure>\n\n\n\n<h1 class=\"wp-block-heading\">Rejoignez le cercle des intendants<\/h1>\n\n\n\n<div style=\"height:35px\" aria-hidden=\"true\" class=\"wp-block-spacer\"><\/div>\n\n\n\n<h4 class=\"wp-block-heading\">Faites du b\u00e9n\u00e9volat aupr\u00e8s de la Fiducie fonci\u00e8re communautaire du Nouveau-Brunswick<\/h4>\n\n\n\n<div style=\"height:35px\" aria-hidden=\"true\" class=\"wp-block-spacer\"><\/div>\n\n\n\n<p><strong>L&#8217;\u00e9quipe de gouvernance<\/strong><\/p>\n\n\n\n<ul class=\"wp-block-list\">\n<li><strong>Conseil d&#8217;administration&nbsp;:<\/strong>&nbsp;&nbsp;\u00ab&nbsp;Nous sommes \u00e0 la recherche de penseurs strat\u00e9giques pour guider la FFCNB. Que votre exp\u00e9rience soit en droit, en agriculture ou en organisation communautaire, aidez-nous \u00e0 orienter la fiducie au cours des 30 prochaines ann\u00e9es.&nbsp;\u00bb<\/li>\n\n\n\n<li><strong>Liaisons communautaires de Francophone :<\/strong>&nbsp;&nbsp;\u00ab Il est essentiel que la FFCNB refl\u00e8te le bilinguisme de notre province. Nous recherchons des voix acadiennes et francophones pour nous assurer que notre \u00ab patchwork \u00bb de jardins s\u2019\u00e9tende \u00e0 toutes les communaut\u00e9s du Nouveau-Brunswick. \u00bb<\/li>\n<\/ul>\n\n\n\n<p><strong>La sagesse et l&#8217;ancrage<\/strong><\/p>\n\n\n\n<ul class=\"wp-block-list\">\n<li><strong>A\u00een\u00e9s et mentors de la communaut\u00e9&nbsp;:<\/strong>&nbsp;&nbsp;\u00ab&nbsp;L\u2019exp\u00e9rience est notre meilleur atout. Nous invitons des a\u00een\u00e9s ayant de l&#8217;exp\u00e9rience en agriculture, en foresterie ou en d\u00e9veloppement communautaire \u00e0 agir comme conseillers, afin de garantir que notre \u00ab pivot moderne \u00bb reste ancr\u00e9 dans la sagesse locale.&nbsp;\u00bb<\/li>\n\n\n\n<li><strong>\u00c9valuateurs de sols et de terres&nbsp;:<\/strong>&nbsp;&nbsp;\u00ab&nbsp;Des personnes capables d\u2019inspecter un terrain et de nous aider \u00e0 comprendre son \u00e9tat et son potentiel pour la micro-agriculture.&nbsp;\u00bb<\/li>\n\n\n\n<li><strong>R\u00e9cits et t\u00e9moignages \/ Photographes&nbsp;:<\/strong>&nbsp;&nbsp;\u00ab&nbsp;Aidez-nous \u00e0 documenter le d\u00e9veloppement de nos communaut\u00e9s de jardins. Nous avons besoin de personnes pour immortaliser l&#8217;\u00e9tat des terres que nous prot\u00e9geons, avant et apr\u00e8s leur transformation.&nbsp;\u00bb<\/li>\n\n\n\n<li><strong>Ambassadeurs du patrimoine :<\/strong>&nbsp;&nbsp;\u00ab Des personnes \u00e0 l&#8217;aise pour discuter avec les propri\u00e9taires fonciers \u00e2g\u00e9s des avantages de faire don de terres ou de servitudes \u00e0 une fiducie. \u00bb<\/li>\n<\/ul>\n\n\n\n<h3 class=\"wp-block-heading\"><strong>\u00ab Il faut tout un village pour cultiver la terre. \u00bb<\/strong><\/h3>\n\n\n\n<p>La NBCLT (FFCNB) est bien plus qu&#8217;une simple organisation fonci\u00e8re&nbsp;; nous sommes un mouvement communautaire. De la rigueur technique de la comptabilit\u00e9 \u00e0 la sagesse ancestrale de nos a\u00een\u00e9s, chaque r\u00f4le de b\u00e9n\u00e9vole est essentiel \u00e0 notre mission&nbsp;: pr\u00e9server la fertilit\u00e9 des sols du Nouveau-Brunswick et en faire la propri\u00e9t\u00e9 de la communaut\u00e9.<\/p>\n\n\n\n<h4 class=\"wp-block-heading\"><strong>Consultez nos offres d&#8217;emploi sur&nbsp;<a href=\"https:\/\/translate.google.com\/website?sl=auto&amp;tl=en&amp;hl=en-US&amp;client=webapp&amp;u=https:\/\/www.volunteersuccess.com\">Volunteer Success.com<\/a><\/strong>&nbsp;&nbsp;ou&nbsp;&nbsp;<strong><a href=\"https:\/\/back2land-ca.translate.goog\/nbclt\/contact-us\/?_x_tr_sl=auto&amp;_x_tr_tl=en&amp;_x_tr_hl=en-US&amp;_x_tr_pto=wapp\">contactez-nous directement<\/a>&nbsp;pour nous proposer vos comp\u00e9tences<\/strong>&nbsp;.<\/h4>\n","protected":false},"excerpt":{"rendered":"<p>Rejoignez le cercle des intendants Faites du b\u00e9n\u00e9volat aupr\u00e8s de la Fiducie fonci\u00e8re communautaire du Nouveau-Brunswick L&#8217;\u00e9quipe de gouvernance La sagesse et l&#8217;ancrage \u00ab Il faut tout un village pour cultiver la terre. \u00bb La NBCLT (FFCNB) est bien plus qu&#8217;une simple organisation fonci\u00e8re&nbsp;; nous sommes un mouvement communautaire. De la rigueur technique de la [&hellip;]<\/p>\n","protected":false},"author":2,"featured_media":63,"parent":0,"menu_order":0,"comment_status":"closed","ping_status":"closed","template":"","meta":{"footnotes":""},"class_list":["post-465","page","type-page","status-publish","has-post-thumbnail","hentry"],"_links":{"self":[{"href":"https:\/\/back2land.ca\/nbclt\/wp-json\/wp\/v2\/pages\/465","targetHints":{"allow":["GET"]}}],"collection":[{"href":"https:\/\/back2land.ca\/nbclt\/wp-json\/wp\/v2\/pages"}],"about":[{"href":"https:\/\/back2land.ca\/nbclt\/wp-json\/wp\/v2\/types\/page"}],"author":[{"embeddable":true,"href":"https:\/\/back2land.ca\/nbclt\/wp-json\/wp\/v2\/users\/2"}],"replies":[{"embeddable":true,"href":"https:\/\/back2land.ca\/nbclt\/wp-json\/wp\/v2\/comments?post=465"}],"version-history":[{"count":5,"href":"https:\/\/back2land.ca\/nbclt\/wp-json\/wp\/v2\/pages\/465\/revisions"}],"predecessor-version":[{"id":514,"href":"https:\/\/back2land.ca\/nbclt\/wp-json\/wp\/v2\/pages\/465\/revisions\/514"}],"wp:featuredmedia":[{"embeddable":true,"href":"https:\/\/back2land.ca\/nbclt\/wp-json\/wp\/v2\/media\/63"}],"wp:attachment":[{"href":"https:\/\/back2land.ca\/nbclt\/wp-json\/wp\/v2\/media?parent=465"}],"curies":[{"name":"wp","href":"https:\/\/api.w.org\/{rel}","templated":true}]}}